{"id":1523,"date":"2020-10-26T10:37:00","date_gmt":"2020-10-26T09:37:00","guid":{"rendered":"http:\/\/toccato.cluster031.hosting.ovh.net\/index.php\/our-team-3\/"},"modified":"2022-05-03T15:43:46","modified_gmt":"2022-05-03T13:43:46","slug":"fabrice-moine","status":"publish","type":"page","link":"https:\/\/toccataconseil.com\/index.php\/fabrice-moine\/","title":{"rendered":"Fabrice Moine"},"content":{"rendered":"\t\t<div data-elementor-type=\"wp-page\" data-elementor-id=\"1523\" class=\"elementor elementor-1523\">\n\t\t\t\t\t\t<section class=\"elementor-section elementor-top-section elementor-element elementor-element-4c0a38b3 elementor-section-full_width elementor-section-content-middle elementor-hidden-mobile elementor-section-height-default elementor-section-height-default qodef-elementor-content-no\" data-id=\"4c0a38b3\" data-element_type=\"section\" data-e-type=\"section\" data-settings=\"{&quot;background_background&quot;:&quot;classic&quot;}\">\n\t\t\t\t\t\t<div class=\"elementor-container elementor-column-gap-default\">\n\t\t\t\t\t<div class=\"elementor-column elementor-col-100 elementor-top-column elementor-element elementor-element-79e8776e\" data-id=\"79e8776e\" data-element_type=\"column\" data-e-type=\"column\">\n\t\t\t<div class=\"elementor-widget-wrap elementor-element-populated\">\n\t\t\t\t\t\t<section class=\"elementor-section elementor-inner-section elementor-element elementor-element-79514f87 qodef-elementor-content-grid elementor-section-content-middle elementor-section-boxed elementor-section-height-default elementor-section-height-default\" data-id=\"79514f87\" data-element_type=\"section\" data-e-type=\"section\">\n\t\t\t\t\t\t<div class=\"elementor-container elementor-column-gap-default\">\n\t\t\t\t\t<div class=\"elementor-column elementor-col-100 elementor-inner-column elementor-element elementor-element-3110ad08\" data-id=\"3110ad08\" data-element_type=\"column\" data-e-type=\"column\">\n\t\t\t<div class=\"elementor-widget-wrap\">\n\t\t\t\t\t\t\t<\/div>\n\t\t<\/div>\n\t\t\t\t\t<\/div>\n\t\t<\/section>\n\t\t\t\t\t<\/div>\n\t\t<\/div>\n\t\t\t\t\t<\/div>\n\t\t<\/section>\n\t\t\t\t<section class=\"elementor-section elementor-top-section elementor-element elementor-element-bc324f8 qodef-elementor-content-grid elementor-section-boxed elementor-section-height-default elementor-section-height-default\" data-id=\"bc324f8\" data-element_type=\"section\" data-e-type=\"section\">\n\t\t\t\t\t\t<div class=\"elementor-container elementor-column-gap-default\">\n\t\t\t\t\t<div class=\"elementor-column elementor-col-100 elementor-top-column elementor-element elementor-element-032bf9e\" data-id=\"032bf9e\" data-element_type=\"column\" data-e-type=\"column\">\n\t\t\t<div class=\"elementor-widget-wrap elementor-element-populated\">\n\t\t\t\t\t\t<div class=\"elementor-element elementor-element-dea8c2c elementor-widget elementor-widget-qi_addons_for_elementor_section_title\" data-id=\"dea8c2c\" data-element_type=\"widget\" data-e-type=\"widget\" data-widget_type=\"qi_addons_for_elementor_section_title.default\">\n\t\t\t\t<div class=\"elementor-widget-container\">\n\t\t\t\t\t<div class=\"qodef-shortcode qodef-m qodef-qi-section-title qodef-decoration--italic qodef-link--underline-draw qodef-subtitle-icon--left\">\n\t\t\t<h2 class=\"qodef-m-title\">\n\t\tFabrice Moine\t<\/h2>\n\t\t\t\t<h6 class=\"qodef-m-subtitle\">\n\t\tconsultant expert en d\u00e9veloppement des structures culturelles et des structures sociales.\t\t\t<\/h6>\n\t\t\t<\/div>\n\t\t\t\t<\/div>\n\t\t\t\t<\/div>\n\t\t\t\t\t<\/div>\n\t\t<\/div>\n\t\t\t\t\t<\/div>\n\t\t<\/section>\n\t\t\t\t<section class=\"elementor-section elementor-top-section elementor-element elementor-element-fcbb6c6 elementor-section-boxed elementor-section-height-default elementor-section-height-default qodef-elementor-content-no\" data-id=\"fcbb6c6\" data-element_type=\"section\" data-e-type=\"section\">\n\t\t\t\t\t\t<div class=\"elementor-container elementor-column-gap-default\">\n\t\t\t\t\t<div class=\"elementor-column elementor-col-100 elementor-top-column elementor-element elementor-element-0327fd3\" data-id=\"0327fd3\" data-element_type=\"column\" data-e-type=\"column\">\n\t\t\t<div class=\"elementor-widget-wrap elementor-element-populated\">\n\t\t\t\t\t\t<section class=\"elementor-section elementor-inner-section elementor-element elementor-element-b6ecb69 elementor-section-boxed elementor-section-height-default elementor-section-height-default qodef-elementor-content-no\" data-id=\"b6ecb69\" data-element_type=\"section\" data-e-type=\"section\">\n\t\t\t\t\t\t<div class=\"elementor-container elementor-column-gap-default\">\n\t\t\t\t\t<div class=\"elementor-column elementor-col-50 elementor-inner-column elementor-element elementor-element-1424db4\" data-id=\"1424db4\" data-element_type=\"column\" data-e-type=\"column\">\n\t\t\t<div class=\"elementor-widget-wrap elementor-element-populated\">\n\t\t\t\t\t\t<div class=\"elementor-element elementor-element-071df9a elementor-widget elementor-widget-image\" data-id=\"071df9a\" data-element_type=\"widget\" data-e-type=\"widget\" data-widget_type=\"image.default\">\n\t\t\t\t<div class=\"elementor-widget-container\">\n\t\t\t\t\t\t\t\t\t\t\t\t\t\t\t<img fetchpriority=\"high\" decoding=\"async\" width=\"1024\" height=\"1024\" src=\"https:\/\/toccataconseil.com\/wp-content\/uploads\/2022\/04\/fabrice-moine-toccata-1024x1024.jpg\" class=\"attachment-large size-large wp-image-1459\" alt=\"\" srcset=\"https:\/\/toccataconseil.com\/wp-content\/uploads\/2022\/04\/fabrice-moine-toccata-1024x1024.jpg 1024w, https:\/\/toccataconseil.com\/wp-content\/uploads\/2022\/04\/fabrice-moine-toccata-300x300.jpg 300w, https:\/\/toccataconseil.com\/wp-content\/uploads\/2022\/04\/fabrice-moine-toccata-150x150.jpg 150w, https:\/\/toccataconseil.com\/wp-content\/uploads\/2022\/04\/fabrice-moine-toccata-768x768.jpg 768w, https:\/\/toccataconseil.com\/wp-content\/uploads\/2022\/04\/fabrice-moine-toccata-1536x1536.jpg 1536w, https:\/\/toccataconseil.com\/wp-content\/uploads\/2022\/04\/fabrice-moine-toccata-650x650.jpg 650w, https:\/\/toccataconseil.com\/wp-content\/uploads\/2022\/04\/fabrice-moine-toccata-1300x1300.jpg 1300w, https:\/\/toccataconseil.com\/wp-content\/uploads\/2022\/04\/fabrice-moine-toccata.jpg 1700w\" sizes=\"(max-width: 1024px) 100vw, 1024px\" \/>\t\t\t\t\t\t\t\t\t\t\t\t\t\t\t<\/div>\n\t\t\t\t<\/div>\n\t\t\t\t\t<\/div>\n\t\t<\/div>\n\t\t\t\t<div class=\"elementor-column elementor-col-50 elementor-inner-column elementor-element elementor-element-5e5e59f\" data-id=\"5e5e59f\" data-element_type=\"column\" data-e-type=\"column\">\n\t\t\t<div class=\"elementor-widget-wrap elementor-element-populated\">\n\t\t\t\t\t\t<div class=\"elementor-element elementor-element-d65e279 elementor-drop-cap-yes elementor-drop-cap-view-default elementor-widget elementor-widget-text-editor\" data-id=\"d65e279\" data-element_type=\"widget\" data-e-type=\"widget\" data-settings=\"{&quot;drop_cap&quot;:&quot;yes&quot;}\" data-widget_type=\"text-editor.default\">\n\t\t\t\t<div class=\"elementor-widget-container\">\n\t\t\t\t\t\t\t\t\t<p>Fabrice MOINE t\u00e9moigne d\u2019une exp\u00e9rience de plus de 25 ans dans les domaines de la culture, de l\u2019art, et du tourisme.<\/p><p>Au sein de diff\u00e9rents cabinets, dont le cabinet SUMAK, il d\u00e9veloppe des comp\u00e9tences de consultant et conduit des missions dans le domaine social, culturel et touristique. Il accompagne et conseille les associations, les collectivit\u00e9s territoriales et les structures de l\u2019ESS dans le d\u00e9veloppement et la structuration de leur projet.<\/p><p>En 2011, il cr\u00e9e son propre cabinet conseil, PROTEIDAE, puis rejoint la CAE Synercoop en 2016.<\/p><p>Il s\u2019implique personnellement dans le domaine culturel et artistique et s\u2019inscrit comme un des membres tr\u00e8s actifs de son territoire\u00a0: Artiste Auteur Plasticien, Pr\u00e9sident fondateur du P\u00f4le d\u2019Art \u00ab\u00a0La fourmili\u00e8re\u00a0\u00bb implant\u00e9 en milieu rural et membre du Conseil d\u2019Administration de l\u2019ACB, sc\u00e8ne nationale de Bar-le-Duc.<\/p><p>En lien avec le Conseil D\u00e9partemental de la Meurthe et Moselle, il accompagne r\u00e9guli\u00e8rement des artistes dans la structuration de leur activit\u00e9.<\/p>\t\t\t\t\t\t\t\t<\/div>\n\t\t\t\t<\/div>\n\t\t\t\t\t<\/div>\n\t\t<\/div>\n\t\t\t\t\t<\/div>\n\t\t<\/section>\n\t\t\t\t\t<\/div>\n\t\t<\/div>\n\t\t\t\t\t<\/div>\n\t\t<\/section>\n\t\t\t\t<\/div>\n\t\t","protected":false},"excerpt":{"rendered":"<p>Fabrice Moine consultant expert en d\u00e9veloppement des structures culturelles et des structures sociales. Fabrice MOINE t\u00e9moigne d\u2019une exp\u00e9rience de plus de 25 ans dans les domaines de la culture, de l\u2019art, et du tourisme. Au sein de diff\u00e9rents cabinets, dont le cabinet SUMAK, il d\u00e9veloppe des comp\u00e9tences de consultant et conduit des missions dans le [&hellip;]<\/p>\n","protected":false},"author":1,"featured_media":0,"parent":0,"menu_order":0,"comment_status":"closed","ping_status":"closed","template":"qi-full-width.php","meta":{"footnotes":""},"class_list":["post-1523","page","type-page","status-publish","hentry"],"_links":{"self":[{"href":"https:\/\/toccataconseil.com\/index.php\/wp-json\/wp\/v2\/pages\/1523","targetHints":{"allow":["GET"]}}],"collection":[{"href":"https:\/\/toccataconseil.com\/index.php\/wp-json\/wp\/v2\/pages"}],"about":[{"href":"https:\/\/toccataconseil.com\/index.php\/wp-json\/wp\/v2\/types\/page"}],"author":[{"embeddable":true,"href":"https:\/\/toccataconseil.com\/index.php\/wp-json\/wp\/v2\/users\/1"}],"replies":[{"embeddable":true,"href":"https:\/\/toccataconseil.com\/index.php\/wp-json\/wp\/v2\/comments?post=1523"}],"version-history":[{"count":10,"href":"https:\/\/toccataconseil.com\/index.php\/wp-json\/wp\/v2\/pages\/1523\/revisions"}],"predecessor-version":[{"id":1671,"href":"https:\/\/toccataconseil.com\/index.php\/wp-json\/wp\/v2\/pages\/1523\/revisions\/1671"}],"wp:attachment":[{"href":"https:\/\/toccataconseil.com\/index.php\/wp-json\/wp\/v2\/media?parent=1523"}],"curies":[{"name":"wp","href":"https:\/\/api.w.org\/{rel}","templated":true}]}}