{"id":340,"date":"2020-10-26T10:31:36","date_gmt":"2020-10-26T09:31:36","guid":{"rendered":"https:\/\/qi40.qodeinteractive.com\/?page_id=340"},"modified":"2022-05-03T15:44:33","modified_gmt":"2022-05-03T13:44:33","slug":"missions","status":"publish","type":"page","link":"https:\/\/toccataconseil.com\/index.php\/missions\/","title":{"rendered":"Nos missions"},"content":{"rendered":"\t\t<div data-elementor-type=\"wp-page\" data-elementor-id=\"340\" class=\"elementor elementor-340\">\n\t\t\t\t\t\t<section class=\"elementor-section elementor-top-section elementor-element elementor-element-3eb1866d elementor-section-full_width elementor-section-content-middle elementor-hidden-mobile elementor-section-height-default elementor-section-height-default qodef-elementor-content-no\" data-id=\"3eb1866d\" data-element_type=\"section\" data-e-type=\"section\" data-settings=\"{&quot;background_background&quot;:&quot;classic&quot;}\">\n\t\t\t\t\t\t<div class=\"elementor-container elementor-column-gap-default\">\n\t\t\t\t\t<div class=\"elementor-column elementor-col-100 elementor-top-column elementor-element elementor-element-6034bf91\" data-id=\"6034bf91\" data-element_type=\"column\" data-e-type=\"column\">\n\t\t\t<div class=\"elementor-widget-wrap elementor-element-populated\">\n\t\t\t\t\t\t<section class=\"elementor-section elementor-inner-section elementor-element elementor-element-7e4eb301 qodef-elementor-content-grid elementor-section-content-middle elementor-section-boxed elementor-section-height-default elementor-section-height-default\" data-id=\"7e4eb301\" data-element_type=\"section\" data-e-type=\"section\">\n\t\t\t\t\t\t<div class=\"elementor-container elementor-column-gap-default\">\n\t\t\t\t\t<div class=\"elementor-column elementor-col-100 elementor-inner-column elementor-element elementor-element-17749c4b\" data-id=\"17749c4b\" data-element_type=\"column\" data-e-type=\"column\">\n\t\t\t<div class=\"elementor-widget-wrap\">\n\t\t\t\t\t\t\t<\/div>\n\t\t<\/div>\n\t\t\t\t\t<\/div>\n\t\t<\/section>\n\t\t\t\t\t<\/div>\n\t\t<\/div>\n\t\t\t\t\t<\/div>\n\t\t<\/section>\n\t\t\t\t<section class=\"elementor-section elementor-top-section elementor-element elementor-element-e44009e qodef-elementor-content-grid elementor-section-boxed elementor-section-height-default elementor-section-height-default\" data-id=\"e44009e\" data-element_type=\"section\" data-e-type=\"section\">\n\t\t\t\t\t\t<div class=\"elementor-container elementor-column-gap-default\">\n\t\t\t\t\t<div class=\"elementor-column elementor-col-100 elementor-top-column elementor-element elementor-element-ccbc07c\" data-id=\"ccbc07c\" data-element_type=\"column\" data-e-type=\"column\">\n\t\t\t<div class=\"elementor-widget-wrap elementor-element-populated\">\n\t\t\t\t\t\t<div class=\"elementor-element elementor-element-b964392 elementor-widget elementor-widget-qi_addons_for_elementor_section_title\" data-id=\"b964392\" data-element_type=\"widget\" data-e-type=\"widget\" data-widget_type=\"qi_addons_for_elementor_section_title.default\">\n\t\t\t\t<div class=\"elementor-widget-container\">\n\t\t\t\t\t<div class=\"qodef-shortcode qodef-m qodef-qi-section-title qodef-decoration--italic qodef-link--underline-draw qodef-subtitle-icon--left\">\n\t\t\t<h2 class=\"qodef-m-title\">\n\t\tQui sommes nous ?\t<\/h2>\n\t\t\t\t<h5 class=\"qodef-m-subtitle\">\n\t\tToccata-Conseil rassemble des experts qui,  gr\u00e2ce \u00e0 leur exp\u00e9rience des r\u00e9seaux institutionnels et professionnels, accompagnent les collectivit\u00e9s dans la mise en \u0153uvre de leur projet de territoire. Nos experts apportent \u00e9galement aux associations, non seulement du conseil, mais aussi un accompagnement dans leur r\u00e9flexion strat\u00e9gique et op\u00e9rationnelle.\t\t\t<\/h5>\n\t\t\t<div class=\"qodef-m-text\"><p>Nous vous proposons des r\u00e9ponses adapt\u00e9es \u00e0 chaque situation. Notre connaissance dans l\u2019organisation et le fonctionnement des structures culturelles, dans le d\u00e9veloppement des politiques publiques de la culture mais \u00e9galement dans le secteur de l\u2019\u00c9conomie Sociale et Solidaire nous permet de vous accompagner et de mettre toute notre expertise au service de vos projets.<\/p><p>Nous pla\u00e7ons les enjeux de chaque territoire, leur richesse et leur diversit\u00e9, au c\u0153ur de notre r\u00e9flexion. C\u2019est pourquoi nous vous accompagnons dans les secteurs urbains et ruraux, en r\u00e9pondant aux questions essentielles pos\u00e9es par les porteurs de projet\u00a0: d\u00e9finir un cap strat\u00e9gique, fixer vos priorit\u00e9s, coop\u00e9rer en mobilisant vos partenaires, rassembler vos ressources, mobiliser les publics isol\u00e9s.<\/p><p>Parce que l\u2019intelligence collective est un facteur-cl\u00e9 d\u00e9cisif de succ\u00e8s dans la d\u00e9marche de conduite au changement, parce que la r\u00e9ussite d\u2019un projet passe par la mobilisation de tous ses acteurs, nous d\u00e9veloppons des outils et des comp\u00e9tences afin de faire \u00e9merger toutes les \u00ab forces motrices \u00bb de votre projet. Toccata-Conseil vous accompagne et vous propose des strat\u00e9gies co-construites ainsi que des actions cibl\u00e9es facilitant la mise en \u0153uvre de vos actions et la r\u00e9ussite de votre projets. Nous intervenons sur l\u2019ensemble des champs couverts dans le domaine culturel\u00a0: spectacle vivant, patrimoine, lecture publique, \u00e9ducation artistique et culturelle, enseignements artistiques, pratiques artistiques en amateur.<\/p><\/div>\n\t<\/div>\n\t\t\t\t<\/div>\n\t\t\t\t<\/div>\n\t\t\t\t\t<\/div>\n\t\t<\/div>\n\t\t\t\t\t<\/div>\n\t\t<\/section>\n\t\t\t\t<section class=\"elementor-section elementor-top-section elementor-element elementor-element-cffb932 elementor-section-boxed elementor-section-height-default elementor-section-height-default qodef-elementor-content-no\" data-id=\"cffb932\" data-element_type=\"section\" data-e-type=\"section\">\n\t\t\t\t\t\t<div class=\"elementor-container elementor-column-gap-default\">\n\t\t\t\t\t<div class=\"elementor-column elementor-col-33 elementor-top-column elementor-element elementor-element-129db99\" data-id=\"129db99\" data-element_type=\"column\" data-e-type=\"column\">\n\t\t\t<div class=\"elementor-widget-wrap elementor-element-populated\">\n\t\t\t\t\t\t<div class=\"elementor-element elementor-element-cc2cfeb elementor-widget elementor-widget-image\" data-id=\"cc2cfeb\" data-element_type=\"widget\" data-e-type=\"widget\" data-widget_type=\"image.default\">\n\t\t\t\t<div class=\"elementor-widget-container\">\n\t\t\t\t\t\t\t\t\t\t\t\t\t\t\t\t<a href=\"http:\/\/synercoop.org\/\" target=\"_blank\">\n\t\t\t\t\t\t\t<img decoding=\"async\" width=\"300\" height=\"81\" src=\"https:\/\/toccataconseil.com\/wp-content\/uploads\/2022\/04\/logofinal-1-1-300x81.jpeg\" class=\"attachment-medium size-medium wp-image-1082\" alt=\"\" srcset=\"https:\/\/toccataconseil.com\/wp-content\/uploads\/2022\/04\/logofinal-1-1-300x81.jpeg 300w, https:\/\/toccataconseil.com\/wp-content\/uploads\/2022\/04\/logofinal-1-1.jpeg 600w\" sizes=\"(max-width: 300px) 100vw, 300px\" \/>\t\t\t\t\t\t\t\t<\/a>\n\t\t\t\t\t\t\t\t\t\t\t\t\t\t\t<\/div>\n\t\t\t\t<\/div>\n\t\t\t\t\t<\/div>\n\t\t<\/div>\n\t\t\t\t<div class=\"elementor-column elementor-col-66 elementor-top-column elementor-element elementor-element-1b28278\" data-id=\"1b28278\" data-element_type=\"column\" data-e-type=\"column\">\n\t\t\t<div class=\"elementor-widget-wrap elementor-element-populated\">\n\t\t\t\t\t\t<div class=\"elementor-element elementor-element-978274b elementor-widget elementor-widget-qi_addons_for_elementor_blockquote\" data-id=\"978274b\" data-element_type=\"widget\" data-e-type=\"widget\" data-widget_type=\"qi_addons_for_elementor_blockquote.default\">\n\t\t\t\t<div class=\"elementor-widget-container\">\n\t\t\t\t\t<div class=\"qodef-shortcode qodef-m qodef-qi-blockquote qodef-layout--top qodef--\">\n\t\t\t\t<h5 class=\"qodef-m-text\">\n\t\t\tToccata Conseil est une structure de l\u2019ESS (membre de la CAE SCIC autog\u00e9r\u00e9e Synercoop) dont elle d\u00e9fend les valeurs : \u00e9coute, solidarit\u00e9, coop\u00e9ration territoriale.\t\t<\/h5>\n\t<\/div>\n\t\t\t\t<\/div>\n\t\t\t\t<\/div>\n\t\t\t\t\t<\/div>\n\t\t<\/div>\n\t\t\t\t\t<\/div>\n\t\t<\/section>\n\t\t\t\t<\/div>\n\t\t","protected":false},"excerpt":{"rendered":"<p>Qui sommes nous ? Toccata-Conseil rassemble des experts qui, gr\u00e2ce \u00e0 leur exp\u00e9rience des r\u00e9seaux institutionnels et professionnels, accompagnent les collectivit\u00e9s dans la mise en \u0153uvre de leur projet de territoire. Nos experts apportent \u00e9galement aux associations, non seulement du conseil, mais aussi un accompagnement dans leur r\u00e9flexion strat\u00e9gique et op\u00e9rationnelle. Nous vous proposons des [&hellip;]<\/p>\n","protected":false},"author":1,"featured_media":0,"parent":0,"menu_order":0,"comment_status":"closed","ping_status":"closed","template":"qi-full-width.php","meta":{"footnotes":""},"class_list":["post-340","page","type-page","status-publish","hentry"],"_links":{"self":[{"href":"https:\/\/toccataconseil.com\/index.php\/wp-json\/wp\/v2\/pages\/340","targetHints":{"allow":["GET"]}}],"collection":[{"href":"https:\/\/toccataconseil.com\/index.php\/wp-json\/wp\/v2\/pages"}],"about":[{"href":"https:\/\/toccataconseil.com\/index.php\/wp-json\/wp\/v2\/types\/page"}],"author":[{"embeddable":true,"href":"https:\/\/toccataconseil.com\/index.php\/wp-json\/wp\/v2\/users\/1"}],"replies":[{"embeddable":true,"href":"https:\/\/toccataconseil.com\/index.php\/wp-json\/wp\/v2\/comments?post=340"}],"version-history":[{"count":47,"href":"https:\/\/toccataconseil.com\/index.php\/wp-json\/wp\/v2\/pages\/340\/revisions"}],"predecessor-version":[{"id":1674,"href":"https:\/\/toccataconseil.com\/index.php\/wp-json\/wp\/v2\/pages\/340\/revisions\/1674"}],"wp:attachment":[{"href":"https:\/\/toccataconseil.com\/index.php\/wp-json\/wp\/v2\/media?parent=340"}],"curies":[{"name":"wp","href":"https:\/\/api.w.org\/{rel}","templated":true}]}}